{"id":43,"date":"2020-03-08T10:20:40","date_gmt":"2020-03-08T09:20:40","guid":{"rendered":"http:\/\/www.leitner-forst.at\/?page_id=43"},"modified":"2021-04-08T17:37:13","modified_gmt":"2021-04-08T15:37:13","slug":"baumsteigearbeiten","status":"publish","type":"page","link":"http:\/\/www.leitner-forst.at\/?page_id=43","title":{"rendered":"Baumabtragung"},"content":{"rendered":"\n<div class=\"wp-block-cover aligncenter has-background-dim has-background-dim-NaN\" style=\"background-color:#ffffff;min-height:50px\"><div class=\"wp-block-cover__inner-container\">\n<p class=\"has-text-align-center has-text-color has-large-font-size\" style=\"color:#c5aa7f\">Baumabtragung<\/p>\n<\/div><\/div>\n\n\n\n<h2 class=\"has-very-dark-gray-color has-text-color\"><strong>Starke Natur braucht Platz, der Baumsteiger nicht!<\/strong><\/h2>\n\n\n\n<p class=\"has-very-dark-gray-color has-text-color\">Sollte der notwendige Platz f\u00fcr eine herk\u00f6mmliche Baumf\u00e4llung nicht vorhanden sein, oder zus\u00e4tzliche Hindernisse wie zum Beispiel in eine Stromleitung hereinragende \u00c4ste gegeben sein, kann der Baum in den meisten F\u00e4llen problemlos abgetragen werden.<\/p>\n\n\n\n<p class=\"has-very-dark-gray-color has-text-color\">Es ist m\u00f6glich den Baum St\u00fcck f\u00fcr St\u00fcck ganz abzutragen oder auch eine Baumpflege durchzuf\u00fchren. Bei Baumsteigearbeiten gelangt man mit speziellen Seilklettertechniken auf den Baum um die erforderlichen Arbeiten zu erledigen.<\/p>\n\n\n\n<figure class=\"wp-block-gallery aligncenter columns-3 is-cropped\"><ul class=\"blocks-gallery-grid\"><li class=\"blocks-gallery-item\"><figure><img loading=\"lazy\" width=\"1200\" height=\"1600\" src=\"http:\/\/www.leitner-forst.at\/wp-content\/uploads\/2021\/02\/5830b330-d333-4ec7-af46-600ce5924d7b.jpg\" alt=\"\" data-id=\"390\" data-full-url=\"http:\/\/www.leitner-forst.at\/wp-content\/uploads\/2021\/02\/5830b330-d333-4ec7-af46-600ce5924d7b.jpg\" data-link=\"http:\/\/www.leitner-forst.at\/?attachment_id=390\" class=\"wp-image-390\" srcset=\"http:\/\/www.leitner-forst.at\/wp-content\/uploads\/2021\/02\/5830b330-d333-4ec7-af46-600ce5924d7b.jpg 1200w, http:\/\/www.leitner-forst.at\/wp-content\/uploads\/2021\/02\/5830b330-d333-4ec7-af46-600ce5924d7b-225x300.jpg 225w, http:\/\/www.leitner-forst.at\/wp-content\/uploads\/2021\/02\/5830b330-d333-4ec7-af46-600ce5924d7b-768x1024.jpg 768w, http:\/\/www.leitner-forst.at\/wp-content\/uploads\/2021\/02\/5830b330-d333-4ec7-af46-600ce5924d7b-1152x1536.jpg 1152w\" sizes=\"(max-width: 767px) 89vw, (max-width: 1000px) 54vw, (max-width: 1071px) 543px, 580px\" \/><\/figure><\/li><li class=\"blocks-gallery-item\"><figure><img loading=\"lazy\" width=\"1200\" height=\"1600\" src=\"http:\/\/www.leitner-forst.at\/wp-content\/uploads\/2021\/02\/7b451b09-aa02-4267-9265-e01131dfdf62.jpg\" alt=\"\" data-id=\"389\" data-full-url=\"http:\/\/www.leitner-forst.at\/wp-content\/uploads\/2021\/02\/7b451b09-aa02-4267-9265-e01131dfdf62.jpg\" data-link=\"http:\/\/www.leitner-forst.at\/?attachment_id=389\" class=\"wp-image-389\" srcset=\"http:\/\/www.leitner-forst.at\/wp-content\/uploads\/2021\/02\/7b451b09-aa02-4267-9265-e01131dfdf62.jpg 1200w, http:\/\/www.leitner-forst.at\/wp-content\/uploads\/2021\/02\/7b451b09-aa02-4267-9265-e01131dfdf62-225x300.jpg 225w, http:\/\/www.leitner-forst.at\/wp-content\/uploads\/2021\/02\/7b451b09-aa02-4267-9265-e01131dfdf62-768x1024.jpg 768w, http:\/\/www.leitner-forst.at\/wp-content\/uploads\/2021\/02\/7b451b09-aa02-4267-9265-e01131dfdf62-1152x1536.jpg 1152w\" sizes=\"(max-width: 767px) 89vw, (max-width: 1000px) 54vw, (max-width: 1071px) 543px, 580px\" \/><\/figure><\/li><li class=\"blocks-gallery-item\"><figure><img loading=\"lazy\" width=\"1707\" height=\"2560\" src=\"http:\/\/www.leitner-forst.at\/wp-content\/uploads\/2021\/04\/006A0377bb-scaled.jpg\" alt=\"\" data-id=\"461\" data-full-url=\"http:\/\/www.leitner-forst.at\/wp-content\/uploads\/2021\/04\/006A0377bb-scaled.jpg\" data-link=\"http:\/\/www.leitner-forst.at\/?attachment_id=461\" class=\"wp-image-461\" srcset=\"http:\/\/www.leitner-forst.at\/wp-content\/uploads\/2021\/04\/006A0377bb-scaled.jpg 1707w, http:\/\/www.leitner-forst.at\/wp-content\/uploads\/2021\/04\/006A0377bb-200x300.jpg 200w, http:\/\/www.leitner-forst.at\/wp-content\/uploads\/2021\/04\/006A0377bb-683x1024.jpg 683w, http:\/\/www.leitner-forst.at\/wp-content\/uploads\/2021\/04\/006A0377bb-768x1152.jpg 768w, http:\/\/www.leitner-forst.at\/wp-content\/uploads\/2021\/04\/006A0377bb-1024x1536.jpg 1024w, http:\/\/www.leitner-forst.at\/wp-content\/uploads\/2021\/04\/006A0377bb-1365x2048.jpg 1365w\" sizes=\"(max-width: 767px) 89vw, (max-width: 1000px) 54vw, (max-width: 1071px) 543px, 580px\" \/><\/figure><\/li><li class=\"blocks-gallery-item\"><figure><img loading=\"lazy\" width=\"2560\" height=\"1707\" src=\"http:\/\/www.leitner-forst.at\/wp-content\/uploads\/2020\/03\/baumsteigen-scaled.jpg\" alt=\"\" data-id=\"145\" data-full-url=\"http:\/\/www.leitner-forst.at\/wp-content\/uploads\/2020\/03\/baumsteigen-scaled.jpg\" data-link=\"http:\/\/www.leitner-forst.at\/?attachment_id=145\" class=\"wp-image-145\" srcset=\"http:\/\/www.leitner-forst.at\/wp-content\/uploads\/2020\/03\/baumsteigen-scaled.jpg 2560w, http:\/\/www.leitner-forst.at\/wp-content\/uploads\/2020\/03\/baumsteigen-300x200.jpg 300w, http:\/\/www.leitner-forst.at\/wp-content\/uploads\/2020\/03\/baumsteigen-1024x683.jpg 1024w, http:\/\/www.leitner-forst.at\/wp-content\/uploads\/2020\/03\/baumsteigen-768x512.jpg 768w, http:\/\/www.leitner-forst.at\/wp-content\/uploads\/2020\/03\/baumsteigen-1536x1024.jpg 1536w, http:\/\/www.leitner-forst.at\/wp-content\/uploads\/2020\/03\/baumsteigen-2048x1365.jpg 2048w\" sizes=\"(max-width: 767px) 89vw, (max-width: 1000px) 54vw, (max-width: 1071px) 543px, 580px\" \/><\/figure><\/li><li class=\"blocks-gallery-item\"><figure><img loading=\"lazy\" width=\"1091\" height=\"1518\" src=\"http:\/\/www.leitner-forst.at\/wp-content\/uploads\/2021\/02\/ohne-rand-1.jpg\" alt=\"\" data-id=\"407\" data-full-url=\"http:\/\/www.leitner-forst.at\/wp-content\/uploads\/2021\/02\/ohne-rand-1.jpg\" data-link=\"http:\/\/www.leitner-forst.at\/?attachment_id=407\" class=\"wp-image-407\" srcset=\"http:\/\/www.leitner-forst.at\/wp-content\/uploads\/2021\/02\/ohne-rand-1.jpg 1091w, http:\/\/www.leitner-forst.at\/wp-content\/uploads\/2021\/02\/ohne-rand-1-216x300.jpg 216w, http:\/\/www.leitner-forst.at\/wp-content\/uploads\/2021\/02\/ohne-rand-1-736x1024.jpg 736w, http:\/\/www.leitner-forst.at\/wp-content\/uploads\/2021\/02\/ohne-rand-1-768x1069.jpg 768w\" sizes=\"(max-width: 767px) 89vw, (max-width: 1000px) 54vw, (max-width: 1071px) 543px, 580px\" \/><\/figure><\/li><li class=\"blocks-gallery-item\"><figure><img loading=\"lazy\" width=\"1200\" height=\"1600\" src=\"http:\/\/www.leitner-forst.at\/wp-content\/uploads\/2021\/02\/WhatsApp-Image-2021-02-25-at-8.50.48-PM-1.jpeg\" alt=\"\" data-id=\"447\" data-full-url=\"http:\/\/www.leitner-forst.at\/wp-content\/uploads\/2021\/02\/WhatsApp-Image-2021-02-25-at-8.50.48-PM-1.jpeg\" data-link=\"http:\/\/www.leitner-forst.at\/?attachment_id=447\" class=\"wp-image-447\" srcset=\"http:\/\/www.leitner-forst.at\/wp-content\/uploads\/2021\/02\/WhatsApp-Image-2021-02-25-at-8.50.48-PM-1.jpeg 1200w, http:\/\/www.leitner-forst.at\/wp-content\/uploads\/2021\/02\/WhatsApp-Image-2021-02-25-at-8.50.48-PM-1-225x300.jpeg 225w, http:\/\/www.leitner-forst.at\/wp-content\/uploads\/2021\/02\/WhatsApp-Image-2021-02-25-at-8.50.48-PM-1-768x1024.jpeg 768w, http:\/\/www.leitner-forst.at\/wp-content\/uploads\/2021\/02\/WhatsApp-Image-2021-02-25-at-8.50.48-PM-1-1152x1536.jpeg 1152w\" sizes=\"(max-width: 767px) 89vw, (max-width: 1000px) 54vw, (max-width: 1071px) 543px, 580px\" \/><\/figure><\/li><\/ul><\/figure>\n","protected":false},"excerpt":{"rendered":"<p>Starke Natur braucht Platz, der Baumsteiger nicht! Sollte der notwendige Platz f\u00fcr eine herk\u00f6mmliche Baumf\u00e4llung nicht vorhanden sein, oder zus\u00e4tzliche Hindernisse wie zum Beispiel in eine Stromleitung hereinragende \u00c4ste gegeben sein, kann der Baum in den meisten F\u00e4llen problemlos abgetragen werden. Es ist m\u00f6glich den Baum St\u00fcck f\u00fcr St\u00fcck ganz abzutragen oder auch eine Baumpflege &hellip; <\/p>\n<p class=\"link-more\"><a href=\"http:\/\/www.leitner-forst.at\/?page_id=43\" class=\"more-link\"><span class=\"screen-reader-text\">\u201eBaumabtragung\u201c<\/span> weiterlesen<\/a><\/p>\n","protected":false},"author":1,"featured_media":0,"parent":0,"menu_order":0,"comment_status":"closed","ping_status":"closed","template":"","meta":{"ngg_post_thumbnail":0},"_links":{"self":[{"href":"http:\/\/www.leitner-forst.at\/index.php?rest_route=\/wp\/v2\/pages\/43"}],"collection":[{"href":"http:\/\/www.leitner-forst.at\/index.php?rest_route=\/wp\/v2\/pages"}],"about":[{"href":"http:\/\/www.leitner-forst.at\/index.php?rest_route=\/wp\/v2\/types\/page"}],"author":[{"embeddable":true,"href":"http:\/\/www.leitner-forst.at\/index.php?rest_route=\/wp\/v2\/users\/1"}],"replies":[{"embeddable":true,"href":"http:\/\/www.leitner-forst.at\/index.php?rest_route=%2Fwp%2Fv2%2Fcomments&post=43"}],"version-history":[{"count":15,"href":"http:\/\/www.leitner-forst.at\/index.php?rest_route=\/wp\/v2\/pages\/43\/revisions"}],"predecessor-version":[{"id":463,"href":"http:\/\/www.leitner-forst.at\/index.php?rest_route=\/wp\/v2\/pages\/43\/revisions\/463"}],"wp:attachment":[{"href":"http:\/\/www.leitner-forst.at\/index.php?rest_route=%2Fwp%2Fv2%2Fmedia&parent=43"}],"curies":[{"name":"wp","href":"https:\/\/api.w.org\/{rel}","templated":true}]}}