{"id":47,"date":"2020-03-08T10:20:40","date_gmt":"2020-03-08T09:20:40","guid":{"rendered":"http:\/\/www.leitner-forst.at\/?page_id=47"},"modified":"2021-04-08T17:33:18","modified_gmt":"2021-04-08T15:33:18","slug":"aufforstung","status":"publish","type":"page","link":"http:\/\/www.leitner-forst.at\/?page_id=47","title":{"rendered":"Aufforstung"},"content":{"rendered":"\n<div class=\"wp-block-cover aligncenter has-background-dim has-background-dim-NaN\" style=\"background-color:#ffffff;min-height:50px\"><div class=\"wp-block-cover__inner-container\">\n<p class=\"has-text-align-center has-text-color has-background has-large-font-size\" style=\"background-color:#ffffff;color:#c5aa7f\">Aufforstung<\/p>\n<\/div><\/div>\n\n\n\n<h2 class=\"has-very-dark-gray-color has-text-color\"><strong>Gemeinsam wachsen!<\/strong><\/h2>\n\n\n\n<p>Nach jeder Endnutzung ist eine richtige Aufforstung zur Erhaltung des Waldes erforderlich. Gerne beraten wir Sie \u00fcber die Wahl des richtigen Zeitpunktes zur Bepflanzung und erstellen einen Bepflanzungsplan, auf dem der genaue Pflanzenbedarf mit den entstehenden Kosten ersichtlich ist. Die Pflanzenart richtet sich nach dem Boden und den Gel\u00e4ndegegebenheiten. Ankauf und Pflanzung der B\u00e4ume kann ebenfalls von uns erledigt werden.<\/p>\n\n\n\n<p>Die frischen Setzlinge ben\u00f6tigen manchmal auch den n\u00f6tigen Schutz vor Wildtieren um einen guten Zuwachs zu gew\u00e4hrleisten. Es gibt die M\u00f6glichkeit eines Wildschutzzaunes um Pflanzen gro\u00dffl\u00e4chig zu sch\u00fctzen. Werden jedoch einzelner B\u00e4ume gepflanzt, kann man auch einen Einzelstammschutz verwenden.<\/p>\n\n\n\n<figure class=\"wp-block-gallery columns-2 is-cropped\"><ul class=\"blocks-gallery-grid\"><li class=\"blocks-gallery-item\"><figure><img loading=\"lazy\" width=\"1024\" height=\"768\" src=\"http:\/\/www.leitner-forst.at\/wp-content\/uploads\/2021\/04\/IMG_63812-1024x768.jpg\" alt=\"\" data-id=\"459\" data-full-url=\"http:\/\/www.leitner-forst.at\/wp-content\/uploads\/2021\/04\/IMG_63812-scaled.jpg\" data-link=\"http:\/\/www.leitner-forst.at\/?attachment_id=459\" class=\"wp-image-459\" srcset=\"http:\/\/www.leitner-forst.at\/wp-content\/uploads\/2021\/04\/IMG_63812-1024x768.jpg 1024w, http:\/\/www.leitner-forst.at\/wp-content\/uploads\/2021\/04\/IMG_63812-300x225.jpg 300w, http:\/\/www.leitner-forst.at\/wp-content\/uploads\/2021\/04\/IMG_63812-768x576.jpg 768w, http:\/\/www.leitner-forst.at\/wp-content\/uploads\/2021\/04\/IMG_63812-1536x1152.jpg 1536w, http:\/\/www.leitner-forst.at\/wp-content\/uploads\/2021\/04\/IMG_63812-2048x1536.jpg 2048w\" sizes=\"(max-width: 767px) 89vw, (max-width: 1000px) 54vw, (max-width: 1071px) 543px, 580px\" \/><\/figure><\/li><li class=\"blocks-gallery-item\"><figure><img loading=\"lazy\" width=\"1024\" height=\"768\" src=\"http:\/\/www.leitner-forst.at\/wp-content\/uploads\/2021\/02\/IMG_5385-1024x768.jpg\" alt=\"\" data-id=\"386\" data-link=\"http:\/\/www.leitner-forst.at\/?attachment_id=386\" class=\"wp-image-386\" srcset=\"http:\/\/www.leitner-forst.at\/wp-content\/uploads\/2021\/02\/IMG_5385-1024x768.jpg 1024w, http:\/\/www.leitner-forst.at\/wp-content\/uploads\/2021\/02\/IMG_5385-300x225.jpg 300w, http:\/\/www.leitner-forst.at\/wp-content\/uploads\/2021\/02\/IMG_5385-768x576.jpg 768w, http:\/\/www.leitner-forst.at\/wp-content\/uploads\/2021\/02\/IMG_5385-1536x1152.jpg 1536w, http:\/\/www.leitner-forst.at\/wp-content\/uploads\/2021\/02\/IMG_5385-2048x1536.jpg 2048w\" sizes=\"(max-width: 767px) 89vw, (max-width: 1000px) 54vw, (max-width: 1071px) 543px, 580px\" \/><\/figure><\/li><\/ul><\/figure>\n\n\n\n<figure class=\"wp-block-gallery columns-2 is-cropped\"><ul class=\"blocks-gallery-grid\"><li class=\"blocks-gallery-item\"><figure><img loading=\"lazy\" width=\"683\" height=\"1024\" src=\"http:\/\/www.leitner-forst.at\/wp-content\/uploads\/2020\/03\/Setzling_Lukas1-683x1024.jpg\" alt=\"\" data-id=\"126\" data-full-url=\"http:\/\/www.leitner-forst.at\/wp-content\/uploads\/2020\/03\/Setzling_Lukas1-scaled.jpg\" data-link=\"http:\/\/www.leitner-forst.at\/?attachment_id=126\" class=\"wp-image-126\" srcset=\"http:\/\/www.leitner-forst.at\/wp-content\/uploads\/2020\/03\/Setzling_Lukas1-683x1024.jpg 683w, http:\/\/www.leitner-forst.at\/wp-content\/uploads\/2020\/03\/Setzling_Lukas1-200x300.jpg 200w, http:\/\/www.leitner-forst.at\/wp-content\/uploads\/2020\/03\/Setzling_Lukas1-768x1152.jpg 768w, http:\/\/www.leitner-forst.at\/wp-content\/uploads\/2020\/03\/Setzling_Lukas1-1024x1536.jpg 1024w, http:\/\/www.leitner-forst.at\/wp-content\/uploads\/2020\/03\/Setzling_Lukas1-1365x2048.jpg 1365w, http:\/\/www.leitner-forst.at\/wp-content\/uploads\/2020\/03\/Setzling_Lukas1-scaled.jpg 1707w\" sizes=\"(max-width: 683px) 100vw, 683px\" \/><\/figure><\/li><li class=\"blocks-gallery-item\"><figure><img loading=\"lazy\" width=\"1024\" height=\"683\" src=\"http:\/\/www.leitner-forst.at\/wp-content\/uploads\/2020\/03\/Setzling1-1024x683.jpg\" alt=\"\" data-id=\"128\" data-full-url=\"http:\/\/www.leitner-forst.at\/wp-content\/uploads\/2020\/03\/Setzling1-scaled.jpg\" data-link=\"http:\/\/www.leitner-forst.at\/?attachment_id=128\" class=\"wp-image-128\" srcset=\"http:\/\/www.leitner-forst.at\/wp-content\/uploads\/2020\/03\/Setzling1-1024x683.jpg 1024w, http:\/\/www.leitner-forst.at\/wp-content\/uploads\/2020\/03\/Setzling1-300x200.jpg 300w, http:\/\/www.leitner-forst.at\/wp-content\/uploads\/2020\/03\/Setzling1-768x512.jpg 768w, http:\/\/www.leitner-forst.at\/wp-content\/uploads\/2020\/03\/Setzling1-1536x1024.jpg 1536w, http:\/\/www.leitner-forst.at\/wp-content\/uploads\/2020\/03\/Setzling1-2048x1365.jpg 2048w\" sizes=\"(max-width: 767px) 89vw, (max-width: 1000px) 54vw, (max-width: 1071px) 543px, 580px\" \/><\/figure><\/li><\/ul><\/figure>\n","protected":false},"excerpt":{"rendered":"<p>Gemeinsam wachsen! Nach jeder Endnutzung ist eine richtige Aufforstung zur Erhaltung des Waldes erforderlich. Gerne beraten wir Sie \u00fcber die Wahl des richtigen Zeitpunktes zur Bepflanzung und erstellen einen Bepflanzungsplan, auf dem der genaue Pflanzenbedarf mit den entstehenden Kosten ersichtlich ist. Die Pflanzenart richtet sich nach dem Boden und den Gel\u00e4ndegegebenheiten. Ankauf und Pflanzung der &hellip; <\/p>\n<p class=\"link-more\"><a href=\"http:\/\/www.leitner-forst.at\/?page_id=47\" class=\"more-link\"><span class=\"screen-reader-text\">\u201eAufforstung\u201c<\/span> weiterlesen<\/a><\/p>\n","protected":false},"author":1,"featured_media":0,"parent":0,"menu_order":0,"comment_status":"closed","ping_status":"closed","template":"","meta":{"ngg_post_thumbnail":0},"_links":{"self":[{"href":"http:\/\/www.leitner-forst.at\/index.php?rest_route=\/wp\/v2\/pages\/47"}],"collection":[{"href":"http:\/\/www.leitner-forst.at\/index.php?rest_route=\/wp\/v2\/pages"}],"about":[{"href":"http:\/\/www.leitner-forst.at\/index.php?rest_route=\/wp\/v2\/types\/page"}],"author":[{"embeddable":true,"href":"http:\/\/www.leitner-forst.at\/index.php?rest_route=\/wp\/v2\/users\/1"}],"replies":[{"embeddable":true,"href":"http:\/\/www.leitner-forst.at\/index.php?rest_route=%2Fwp%2Fv2%2Fcomments&post=47"}],"version-history":[{"count":12,"href":"http:\/\/www.leitner-forst.at\/index.php?rest_route=\/wp\/v2\/pages\/47\/revisions"}],"predecessor-version":[{"id":460,"href":"http:\/\/www.leitner-forst.at\/index.php?rest_route=\/wp\/v2\/pages\/47\/revisions\/460"}],"wp:attachment":[{"href":"http:\/\/www.leitner-forst.at\/index.php?rest_route=%2Fwp%2Fv2%2Fmedia&parent=47"}],"curies":[{"name":"wp","href":"https:\/\/api.w.org\/{rel}","templated":true}]}}