{"id":471,"date":"2021-04-08T22:33:41","date_gmt":"2021-04-08T20:33:41","guid":{"rendered":"http:\/\/www.leitner-forst.at\/?page_id=471"},"modified":"2022-08-18T22:33:34","modified_gmt":"2022-08-18T20:33:34","slug":"allgemeine-geschaeftsbedingungen-agb","status":"publish","type":"page","link":"http:\/\/www.leitner-forst.at\/?page_id=471","title":{"rendered":"Allgemeine Gesch\u00e4ftsbedingungen (AGB)"},"content":{"rendered":"\n<p class=\"has-text-color has-large-font-size\" style=\"color:#c5aa7f\"><strong>Allgemeine Gesch\u00e4ftsbedingungen (AGB)<\/strong><\/p>\n\n\n\n<p class=\"has-medium-font-size\"><strong>1. Allgemeines<\/strong><\/p>\n\n\n\n<p>Diese Allgemeinen Gesch\u00e4ftsbedingungen (nachfolgend \u201eAGB\u201c genannt) gelten f\u00fcr alle Vertr\u00e4ge, die \u00fcber den Online Shop www.leitner-forst.at zwischen Lukas Leitner, Forstdienstleister und Baumsteiger und Kunden abgeschlossen werden, die Verbraucher sind.<\/p>\n\n\n\n<p>Verbraucher ist jede nat\u00fcrliche Person, die ein Rechtsgesch\u00e4ft zu einem Zwecke abschlie\u00dft, der weder ihrer gewerblichen noch ihrer selbstst\u00e4ndigen beruflichen T\u00e4tigkeit zugerechnet werden kann.<\/p>\n\n\n\n<p class=\"has-medium-font-size\"><strong>2. Anerkennung der AGB<\/strong><\/p>\n\n\n\n<p>Der Kunde erkennt diese AGB an und erkl\u00e4rt sich mit ihnen einverstanden, sobald er eine Bestellung vornimmt. Die Vertragspartner vereinbaren die Anwendung \u00f6sterreichischen Rechts. Hat der Verbraucher im Inland seinen Wohnsitz oder seinen gew\u00f6hnlichen Aufenthaltsort oder ist er im Inland besch\u00e4ftigt, so kann f\u00fcr eine Klage gegen ihn nur die Zust\u00e4ndigkeit des Gerichtes begr\u00fcndet werden, in dessen Sprengel der Wohnsitz, der gew\u00f6hnliche Aufenthaltsort oder der Ort der Besch\u00e4ftigung liegt; dies gilt nicht f\u00fcr Rechtsstreitigkeiten, die bereits entstanden sind.<\/p>\n\n\n\n<p class=\"has-medium-font-size\"><strong>3. Abwehrklausel<\/strong><\/p>\n\n\n\n<p>Die Einbeziehung von Allgemeinen Gesch\u00e4ftsbedingungen oder Vertragsbedingungen des Kunden, die von diesen AGB abweichen, werden zur\u00fcckgewiesen, es sei denn, diese werden von Lukas Leitner, Forstdienstleister und Baumsteiger ausdr\u00fccklich anerkannt.<\/p>\n\n\n\n<p class=\"has-medium-font-size\"><strong>4. Vertragsschluss<\/strong><\/p>\n\n\n\n<p>1. Die Produktpr\u00e4sentation auf der Website stellt kein Angebot im Rechtssinne dar. Es handelt sich um eine Aufforderung an den Kunden, selbst ein Angebot abzugeben. Das Angebot im Rechtssinne gibt der Kunde durch Vornahme der Bestellung ab. Die Best\u00e4tigung des Eingangs der Bestellung erfolgt zusammen mit der Annahme der Bestellung unmittelbar nach dem Absenden durch eine automatisierte E-Mail. Mit dieser E-Mail-Best\u00e4tigung ist der Kaufvertrag zustande gekommen.<\/p>\n\n\n\n<p>2. Bei dem Bestellvorgang gibt der Kunde seine Kontaktdaten, sowie Liefer- und Rechnungsadresse ein. Durch klicken auf das Optionsfeld kann die L\u00e4nge des Holzes ausgew\u00e4hlt werden. Die Menge von den gew\u00fcnschten Produkten k\u00f6nnen angegeben werden. Durch klicken auf den Button \u201eBestellung abschicken\u201c, ist die Bestellung erfolgreich abgeschlossen<\/p>\n\n\n\n<p>3. Lukas Leitner, Forstdienstleister und Baumsteiger versendet nach Eingang der Bestellung eine Benachrichtigungs-E-Mail an die vom Kunden angegebene E-Mail-Adresse, in welcher der Erhalt der Bestellung best\u00e4tigt wird und deren Inhalt wiedergegeben wird (nachfolgend \u201eBestellbest\u00e4tigung\u201c genannt). Sollte Lukas Leiter, Forstdienstleister und Baumsteiger den Vertragsabschluss ablehnen, wird dies dem Kunden unverz\u00fcglich per E-Mail mitgeteilt.<\/p>\n\n\n\n<p class=\"has-medium-font-size\"><strong>5. Speicherung des Vertragstextes<\/strong><\/p>\n\n\n\n<p>Der Vertragstext, also die Angaben des Kunden zum Bestellvorgang, wird durch Lukas Leitner, Forstdienstleister und Baumsteiger gespeichert. Davon unabh\u00e4ngig sendet Lukas Leitner, Forstdienstleister und Baumsteiger eine Bestellbest\u00e4tigung und diese AGB an die vom Kunden angegebene E-Mail-Adresse.<\/p>\n\n\n\n<p class=\"has-medium-font-size\"><strong>6. R\u00fccktritts- \/ Widerrufsrecht<\/strong><\/p>\n\n\n\n<p>Sie k\u00f6nnen die erhaltene Ware ohne Angabe von Gr\u00fcnden innerhalb von 14 Tagen durch R\u00fccksendung der Ware zur\u00fcckgeben. Die Kosten der R\u00fccksendung werden vom Kunden getragen.<\/p>\n\n\n\n<p><strong>Widerrufsbelehrung<\/strong><\/p>\n\n\n\n<p>Die folgende Widerrufsbelehrung gilt f\u00fcr Vertr\u00e4ge \u00fcber Waren, welche als Paket mit der Post oder einem anderen Versanddienstleister, versandt werden k\u00f6nnen.<\/p>\n\n\n\n<p><strong>Widerrufsrecht f\u00fcr paketversandf\u00e4hige Waren<\/strong><\/p>\n\n\n\n<p>Als Verbraucher haben Sie das Recht, binnen 14 Tagen ohne Angabe von Gr\u00fcnden diesen Vertrag zu widerrufen. Die gesetzliche Widerrufsfrist betr\u00e4gt 14 Tage ab dem Tag an dem Sie oder ein von Ihnen benannter Dritter, der nicht der Bef\u00f6rderer ist, die Ware zuletzt in Besitz genommen hat. Weiters r\u00e4umen wir Ihnen zu dieser Frist ein erweitertes R\u00fcckgaberecht von 16 Tagen ein. Sie haben somit 30 Tage Zeit um die Ware zur\u00fcckzusenden.<\/p>\n\n\n\n<p>Um Ihr Widerrufsrecht auszu\u00fcben, m\u00fcssen Sie uns mittels einer eindeutigen Erkl\u00e4rung (zum Beispiel einem mit der Post versandten Brief, Telefax oder E-Mail) \u00fcber Ihren Entschluss, diesen Vertrag zu widerrufen, informieren.<\/p>\n\n\n\n<p>Sie k\u00f6nnen daf\u00fcr unser Muster-Widerrufsformular&nbsp;verwenden, dies ist jedoch nicht zwingend erforderlich. Zur Wahrung der Widerrufsfrist reicht es aus, dass Sie die Mitteilung \u00fcber die Aus\u00fcbung des Widerrufsrechts vor Ablauf der Widerrufsfrist absenden.<\/p>\n\n\n\n<p><strong>Folgen des Widerrufs<\/strong><\/p>\n\n\n\n<p>Wenn Sie diesen Vertrag widerrufen, haben wir Ihnen alle Zahlungen, die wir von Ihnen erhalten haben, einschlie\u00dflich der Lieferkosten (mit Ausnahme der zus\u00e4tzlichen Kosten, die sich daraus ergeben, dass Sie eine andere Art der Lieferung als die von uns angebotene, g\u00fcnstigste Standardlieferung gew\u00e4hlt haben), unverz\u00fcglich und sp\u00e4testens binnen 14 Tagen ab dem Tag zur\u00fcckzuzahlen, an dem die Mitteilung \u00fcber Ihren Widerruf dieses Vertrags bei uns eingegangen ist. F\u00fcr diese R\u00fcckzahlung verwenden wir dasselbe Zahlungsmittel, dass Sie bei der urspr\u00fcnglichen Transaktion eingesetzt haben, es sei denn, mit Ihnen wurde ausdr\u00fccklich etwas anderes vereinbart; in keinem Fall werden Ihnen wegen dieser R\u00fcckzahlung Entgelte berechnet. Wir k\u00f6nnen die R\u00fcckzahlung verweigern, bis wir die Waren wieder zur\u00fcckerhalten haben oder bis Sie den Nachweis erbracht haben, dass Sie die Waren zur\u00fcckgesandt haben, je nachdem, welches der fr\u00fchere Zeitpunkt ist.<\/p>\n\n\n\n<p>Sie m\u00fcssen f\u00fcr einen etwaigen Wertverlust der Waren nur aufkommen, wenn dieser Wertverlust auf einen zur Pr\u00fcfung der Beschaffenheit, Eigenschaften und Funktionsweise der Waren nicht notwendigen Umgang mit ihnen zur\u00fcckzuf\u00fchren ist.<\/p>\n\n\n\n<p>Bitte senden Sie die Waren unverz\u00fcglich und in jedem Fall sp\u00e4testens binnen 14 Tagen ab dem Tag, an dem Sie uns \u00fcber den Widerruf dieses Vertrags unterrichten, an uns<\/p>\n\n\n\n<p><strong>Lukas Leitner \u2013 Forstdienstleister und Baumsteiger<\/strong><br><strong>Graben 5<br>4152 Sarleinsbach<\/strong><\/p>\n\n\n\n<p>zur\u00fcck. Die Frist ist gewahrt, wenn Sie die Waren vor Ablauf der Frist von 14 Tagen absenden.<\/p>\n\n\n\n<p class=\"has-medium-font-size\"><strong>7. Preise<\/strong><\/p>\n\n\n\n<p>1. Alle Produktpreise sind Gesamtpreise; sie enthalten die gesetzliche Umsatzsteuer (Mehrwertsteuer).<\/p>\n\n\n\n<p>2. Preisirrt\u00fcmer vorbehalten. Ist der korrekte Preis h\u00f6her, wird Kontakt mit dem Kunden aufgenommen; ein Vertrag kommt in diesem Fall nur zu Stande, wenn der Kunde zu dem tats\u00e4chlichen Preis kaufen m\u00f6chte. Ist der korrekte Preis niedriger, so wird dieser Preis berechnet.<\/p>\n\n\n\n<p class=\"has-medium-font-size\"><strong>8. Versandkosten<\/strong><\/p>\n\n\n\n<p>1. Zuz\u00fcglich zu den angegebenen Produktpreisen kommen noch Versandkosten hinzu. <\/p>\n\n\n\n<p>Diese betragen innerhalb <strong>\u00d6sterreich \u20ac 6,20<\/strong> pro Lieferung. Ab einer bestimmten Bestellmenge erh\u00f6hen sich die Versandkosten, sollte das der Fall sein, werden Sie vorab von uns informiert.<\/p>\n\n\n\n<p class=\"has-medium-font-size\"><strong>9. Lieferbedingungen<\/strong><\/p>\n\n\n\n<p>1. Sofern nicht anders vereinbart, erfolgt die Lieferung an die vom Kunden angegebene Adresse.<\/p>\n\n\n\n<p>2. Der voraussichtliche Liefertermin ist maximal 5 Werktage nach dem Eingang der Bezahlung. Bei Zahlung per Vorkasse beginnt die Lieferfrist einen Tag nach Eingang des Betrages auf das Bankkonto von Lukas Leitner, Forstdienstleister und Baumsteiger.<\/p>\n\n\n\n<p>3. Lukas Leitner, Forstdienstleister und Baumsteiger tr\u00e4gt keine Verantwortung bei Vorliegen von Lieferhindernissen im Bereich von Zulieferern oder Herstellern. Wird die Lieferung oder die Einhaltung einer vereinbarten Lieferzeit durch Umst\u00e4nde unm\u00f6glich, die von Lukas Leitner, Forstdienstleister und Baumsteiger nicht zu vertreten sind, ist Lukas Leitner, Forstdienstleister und Baumsteiger berechtigt, vom Vertrag ganz oder teilweise zur\u00fcckzutreten. Lukas Leitner, Forstdienstleister und Baumsteiger wird den Kunden diesbez\u00fcglich unverz\u00fcglich in Kenntnis setzen. Schadensersatzanspr\u00fcche sind f\u00fcr diesen Fall ausgeschlossen. \u00dcber bestehende Lieferbeschr\u00e4nkungen wird der Kunde vor dem Beginn des Bestellungsvorgangs informiert.<\/p>\n\n\n\n<p class=\"has-medium-font-size\"><strong>10. F\u00e4lligkeit und Eigentumsvorbehalt<\/strong><\/p>\n\n\n\n<p>Der Kaufpreis ist nach der Bestellung f\u00e4llig, nach dem Eingang des Rechnungsbetrages auf unser Konto, wird die Ware versendet.<\/p>\n\n\n\n<p>Bei Kauf auf Rechnung bleibt die Ware bis zur vollst\u00e4ndigen Bezahlung unser Eigentum.<\/p>\n\n\n\n<p class=\"has-medium-font-size\"><strong>11. Zahlungsbedingungen<\/strong><\/p>\n\n\n\n<p>Bei Zahlung per Vorkasse \u00fcberweist der Kunde den Rechnungsbetrag innerhalb von 14 Tagen nach Vertragsschluss auf das Konto von Lukas Leitner, Forstdienstleister und Baumsteiger (Bankverbindung in der Bestellbest\u00e4tigung ersichtlich). Der Versand erfolgt erst nach Zahlungseingang.<\/p>\n\n\n\n<p>Bei keinem Eingang des Rechnungsbetrages nach 14 Tagen ab Bestellung, ist der Vertragsabschluss f\u00fcr uns nichtig.<\/p>\n\n\n\n<p class=\"has-medium-font-size\"><strong>12. Gew\u00e4hrleistung<\/strong><\/p>\n\n\n\n<p>1. Soweit nichts anderes bestimmt ist, gelten die allgemeinen gesetzlichen Vorschriften.<\/p>\n\n\n\n<p>2. Die Gew\u00e4hrleistung ist bei durch den Kunden verursachten M\u00e4ngeln ausgeschlossen. Das ist insbesondere der Fall bei unsachgem\u00e4\u00dfer Handhabung oder falschen Lagerung.<\/p>\n\n\n\n<p>3. Werden Waren mit offensichtlichen Transportsch\u00e4den angeliefert, so reklamieren Sie solche Fehler bitte sofort bei dem Zusteller und nehmen Sie schnellstm\u00f6glich mit uns Kontakt auf. Eine Vers\u00e4umung einer Reklamation oder Kontaktaufnahme hat auf die gesetzlichen Gew\u00e4hrleistungsanspr\u00fcche von Verbrauchern keine Konsequenzen und dient lediglich dazu, den Anbieter zu unterst\u00fctzen, seine Anspr\u00fcche gegen\u00fcber dem mit der Auslieferung der Ware beauftragten Unternehmen bzw. der Versicherung geltend zu machen.<\/p>\n\n\n\n<p class=\"has-medium-font-size\"><strong>13. Haftungsausschluss<\/strong><\/p>\n\n\n\n<p>1. Schadensersatzanspr\u00fcche des Kunden gegen\u00fcber Lukas Leitner, Forstdienstleister und Baumsteiger sind ausgeschlossen, soweit Lukas Leitner, Forstdienstleister und Baumsteiger oder ihre Erf\u00fcllungs- bzw. Verrichtungsgehilfen nicht vors\u00e4tzlich oder grob fahrl\u00e4ssig gehandelt haben.<\/p>\n\n\n\n<p>2. Unber\u00fchrt bleibt die Haftung wegen Sch\u00e4den aus Verletzung von Leben, K\u00f6rper und Gesundheit, wegen fahrl\u00e4ssiger oder vors\u00e4tzlicher Verletzung wesentlicher Vertragspflichten oder soweit nach dem Produkthaftungsgesetz oder aus Verschulden bei Vertragsschluss oder wegen sonstiger Pflichtverletzungen oder deliktischer Anspr\u00fcche auf Ersatz von Sachsch\u00e4den zwingend gehaftet wird. Wesentliche Vertragspflichten sind Pflichten, deren Erf\u00fcllung die ordnungsgem\u00e4\u00dfe Durchf\u00fchrung des Vertrags \u00fcberhaupt erst erm\u00f6glicht und auf deren Einhaltung der Kunde regelm\u00e4\u00dfig vertrauen darf.<\/p>\n\n\n\n<p class=\"has-medium-font-size\"><strong>14. Datenschutz<\/strong><\/p>\n\n\n\n<p>Bestimmungen zum Datenschutz sind in der&nbsp;<a href=\"http:\/\/www.leitner-forst.at\/?page_id=332\" data-type=\"URL\">Datenschutzerkl\u00e4rung&nbsp;<\/a>enthalten.<\/p>\n\n\n\n<p class=\"has-medium-font-size\"><strong>15. \u00c4nderung der Allgemeinen Gesch\u00e4ftsbedingungen\/\u00c4nderungsvorbehalt<\/strong><\/p>\n\n\n\n<p>Wir sind berechtigt, diese Allgemeinen Gesch\u00e4ftsbedingungen einseitig zu \u00e4ndern, soweit dies zur Beseitigung nachtr\u00e4glich entstehender \u00c4quivalenzst\u00f6rungen oder zur Anpassung an ver\u00e4nderte gesetzliche oder technische Rahmenbedingungen notwendig ist. \u00dcber eine \u00c4nderung werden wir den Kunden unter Mitteilung des Inhalts der ge\u00e4nderten Regelungen an die zuletzt bekannte E-Mail-Adresse des Kunden informieren. Die \u00c4nderung wird Vertragsbestandteil, wenn der Kunde nicht binnen sechs Wochen nach Zugang der \u00c4nderungsmitteilung der Einbeziehung in das Vertragsverh\u00e4ltnis uns gegen\u00fcber in Schrift- oder Textform widerspricht.<\/p>\n\n\n\n<p class=\"has-medium-font-size\"><strong>16. Salvatorische Klausel<\/strong><\/p>\n\n\n\n<p>Falls eine Bestimmung dieser Allgemeinen Gesch\u00e4ftsbedingungen unwirksam sein sollte, wird die Wirksamkeit der \u00fcbrigen Bestimmungen davon nicht ber\u00fchrt.<\/p>\n\n\n\n<p class=\"has-medium-font-size\"><strong>17. Vertragssprache<\/strong><\/p>\n\n\n\n<p>Die f\u00fcr den Vertragsschluss zur Verf\u00fcgung stehende Sprache ist Deutsch.<\/p>\n\n\n\n<p class=\"has-medium-font-size\"><strong>18. Vertragsrecht<\/strong><\/p>\n\n\n\n<p>Auf die Vertragsbeziehung wird \u00f6sterreichisches Recht angewandt.<\/p>\n\n\n\n<p class=\"has-medium-font-size\"><strong>19. Schlichtungsstelle und Online-Streitbeilegung<\/strong><\/p>\n\n\n\n<p>Wir verpflichten uns, in Streitf\u00e4llen am Schlichtungsverfahren des Internet Ombudsmann<br>teilzunehmen:&nbsp;<a href=\"https:\/\/ombudsmann.at\/\">https:\/\/ombudsmann.at\/<\/a><br><br>Bei Problemen k\u00f6nnen Sie \u00fcber diese Plattform eine Beschwerde einreichen und von einer unabh\u00e4ngigen Streitbeilegungsstelle bearbeiten lassen:&nbsp;<a href=\"https:\/\/ec.europa.eu\/consumers\/odr\">https:\/\/ec.europa.eu\/consumers\/odr<\/a><br><br>Unsere E-Mail-Adresse: office@leitner-forst.at<\/p>\n\n\n\n<p>Basierend auf Muster AGB von VON ZANTHIER &amp; SCHULZ<\/p>\n","protected":false},"excerpt":{"rendered":"<p>Allgemeine Gesch\u00e4ftsbedingungen (AGB) 1. Allgemeines Diese Allgemeinen Gesch\u00e4ftsbedingungen (nachfolgend \u201eAGB\u201c genannt) gelten f\u00fcr alle Vertr\u00e4ge, die \u00fcber den Online Shop www.leitner-forst.at zwischen Lukas Leitner, Forstdienstleister und Baumsteiger und Kunden abgeschlossen werden, die Verbraucher sind. Verbraucher ist jede nat\u00fcrliche Person, die ein Rechtsgesch\u00e4ft zu einem Zwecke abschlie\u00dft, der weder ihrer gewerblichen noch ihrer selbstst\u00e4ndigen beruflichen T\u00e4tigkeit &hellip; <\/p>\n<p class=\"link-more\"><a href=\"http:\/\/www.leitner-forst.at\/?page_id=471\" class=\"more-link\"><span class=\"screen-reader-text\">\u201eAllgemeine Gesch\u00e4ftsbedingungen (AGB)\u201c<\/span> weiterlesen<\/a><\/p>\n","protected":false},"author":1,"featured_media":0,"parent":0,"menu_order":0,"comment_status":"closed","ping_status":"closed","template":"","meta":{"ngg_post_thumbnail":0},"_links":{"self":[{"href":"http:\/\/www.leitner-forst.at\/index.php?rest_route=\/wp\/v2\/pages\/471"}],"collection":[{"href":"http:\/\/www.leitner-forst.at\/index.php?rest_route=\/wp\/v2\/pages"}],"about":[{"href":"http:\/\/www.leitner-forst.at\/index.php?rest_route=\/wp\/v2\/types\/page"}],"author":[{"embeddable":true,"href":"http:\/\/www.leitner-forst.at\/index.php?rest_route=\/wp\/v2\/users\/1"}],"replies":[{"embeddable":true,"href":"http:\/\/www.leitner-forst.at\/index.php?rest_route=%2Fwp%2Fv2%2Fcomments&post=471"}],"version-history":[{"count":10,"href":"http:\/\/www.leitner-forst.at\/index.php?rest_route=\/wp\/v2\/pages\/471\/revisions"}],"predecessor-version":[{"id":681,"href":"http:\/\/www.leitner-forst.at\/index.php?rest_route=\/wp\/v2\/pages\/471\/revisions\/681"}],"wp:attachment":[{"href":"http:\/\/www.leitner-forst.at\/index.php?rest_route=%2Fwp%2Fv2%2Fmedia&parent=471"}],"curies":[{"name":"wp","href":"https:\/\/api.w.org\/{rel}","templated":true}]}}